{"id":11109,"date":"2021-12-08T13:19:55","date_gmt":"2021-12-08T13:19:55","guid":{"rendered":"https:\/\/www.tfordworldtour.org\/?page_id=11109"},"modified":"2023-03-27T10:08:03","modified_gmt":"2023-03-27T09:08:03","slug":"story-behind-the-worldtour","status":"publish","type":"page","link":"https:\/\/www.tfordworldtour.org\/nl\/story-behind-the-worldtour\/","title":{"rendered":"Verhaal achter de wereldreis"},"content":{"rendered":"<p>Mijn naam is Dirk Regter, een gepensioneerd bouwkundig ingenieur. Ik woon met mijn vrouw Trudy in Edam, een klein stadje in de buurt van Amsterdam. Zoals u wellicht weet, is Edam wereldberoemd vanwege de Edammer kaas.<\/p>\n<p>Mijn grootvader en vader hadden een transportbedrijf in onze stad. In 1907 hadden ze de eerste auto in onze stad; een Renault Marne-taxi. Toen de T-Ford kwam, hadden ze de personenauto&#8217;s en vrachtwagens van dit merk.&nbsp;Ze deden al het reparatiewerk zelf en hadden verschillende onderhoudsboekjes en andere boeken van T-Ford.<\/p>\n<div class=\"ezcol ezcol-one-half\">\n<div id=\"attachment_11107\" style=\"width: 310px\" class=\"wp-caption aligncenter\"><a href=\"https:\/\/www.tfordworldtour.org\/wp-content\/uploads\/2021\/12\/foto-1.-Renault-Marne-taxi-1907.jpg\"><img aria-describedby=\"caption-attachment-11107\" loading=\"lazy\" class=\"wp-image-11107 size-medium\" title=\"Renault Marne Taxi 1907\" src=\"https:\/\/www.tfordworldtour.org\/wp-content\/uploads\/2021\/12\/foto-1.-Renault-Marne-taxi-1907-300x212.jpg\" alt=\"\" width=\"300\" height=\"212\" srcset=\"https:\/\/www.tfordworldtour.org\/wp-content\/uploads\/2021\/12\/foto-1.-Renault-Marne-taxi-1907-300x212.jpg 300w, https:\/\/www.tfordworldtour.org\/wp-content\/uploads\/2021\/12\/foto-1.-Renault-Marne-taxi-1907-1024x724.jpg 1024w, https:\/\/www.tfordworldtour.org\/wp-content\/uploads\/2021\/12\/foto-1.-Renault-Marne-taxi-1907-768x543.jpg 768w, https:\/\/www.tfordworldtour.org\/wp-content\/uploads\/2021\/12\/foto-1.-Renault-Marne-taxi-1907.jpg 1437w\" sizes=\"(max-width: 300px) 100vw, 300px\" \/><\/a><p id=\"caption-attachment-11107\" class=\"wp-caption-text\">Renault Marne Taxi 1907<\/p><\/div>\n<\/div> <div class=\"ezcol ezcol-one-half ezcol-last\">\n<div id=\"attachment_11111\" style=\"width: 310px\" class=\"wp-caption aligncenter\"><a href=\"https:\/\/www.tfordworldtour.org\/wp-content\/uploads\/2021\/12\/foto-2.-garage-..jpg\"><img aria-describedby=\"caption-attachment-11111\" loading=\"lazy\" class=\"size-medium wp-image-11111\" src=\"https:\/\/www.tfordworldtour.org\/wp-content\/uploads\/2021\/12\/foto-2.-garage-.-300x212.jpg\" alt=\"Garage\" width=\"300\" height=\"212\" srcset=\"https:\/\/www.tfordworldtour.org\/wp-content\/uploads\/2021\/12\/foto-2.-garage-.-300x212.jpg 300w, https:\/\/www.tfordworldtour.org\/wp-content\/uploads\/2021\/12\/foto-2.-garage-.-1024x725.jpg 1024w, https:\/\/www.tfordworldtour.org\/wp-content\/uploads\/2021\/12\/foto-2.-garage-.-768x544.jpg 768w, https:\/\/www.tfordworldtour.org\/wp-content\/uploads\/2021\/12\/foto-2.-garage-..jpg 1434w\" sizes=\"(max-width: 300px) 100vw, 300px\" \/><\/a><p id=\"caption-attachment-11111\" class=\"wp-caption-text\">Garage<\/p><\/div>\n<\/div><div class=\"ezcol-divider\"><\/div><\/p>\n<p>Toen ik een kind van ongeveer 6 jaar oud was, was ik erg ge\u00efnteresseerd in deze boeken en mijn vader vertelde me hoe de versnellingsbak met pedalen in een T-Ford werkte.<br \/>\nDus op die leeftijd van zes was ik al ge\u00efnteresseerd in dit type auto.<br \/>\nToen ik 16 jaar oud was, wilde ik een T-Ford kopen, maar ik kon er geen vinden, dus kocht ik een A-Ford Tudor uit 1928 in Denemarken toen ik 17 jaar oud was. In 1990 kocht ik mijn eerste T-Ford: een touring uit 1923 vanuit Californi\u00eb. Ik heb deze auto gerestaureerd en er vele kilometers mee gereden. In 1997 hoorde ik een radioprogramma over een auto die de beroemde rally van Peking naar Parijs reed.&nbsp;<\/p>\n<div class=\"ezcol ezcol-one-half\">\n<div id=\"attachment_11118\" style=\"width: 310px\" class=\"wp-caption aligncenter\"><a href=\"https:\/\/www.tfordworldtour.org\/wp-content\/uploads\/2021\/12\/foto-3.Model-A-Tudor.jpeg\"><img aria-describedby=\"caption-attachment-11118\" loading=\"lazy\" class=\"size-medium wp-image-11118\" src=\"https:\/\/www.tfordworldtour.org\/wp-content\/uploads\/2021\/12\/foto-3.Model-A-Tudor-300x209.jpeg\" alt=\"Model A Tudor\" width=\"300\" height=\"209\" srcset=\"https:\/\/www.tfordworldtour.org\/wp-content\/uploads\/2021\/12\/foto-3.Model-A-Tudor-300x209.jpeg 300w, https:\/\/www.tfordworldtour.org\/wp-content\/uploads\/2021\/12\/foto-3.Model-A-Tudor-1024x714.jpeg 1024w, https:\/\/www.tfordworldtour.org\/wp-content\/uploads\/2021\/12\/foto-3.Model-A-Tudor-768x536.jpeg 768w, https:\/\/www.tfordworldtour.org\/wp-content\/uploads\/2021\/12\/foto-3.Model-A-Tudor-1536x1072.jpeg 1536w, https:\/\/www.tfordworldtour.org\/wp-content\/uploads\/2021\/12\/foto-3.Model-A-Tudor.jpeg 1538w\" sizes=\"(max-width: 300px) 100vw, 300px\" \/><\/a><p id=\"caption-attachment-11118\" class=\"wp-caption-text\">Model A Tudor<\/p><\/div>\n<\/div> <div class=\"ezcol ezcol-one-half ezcol-last\">\n<div id=\"attachment_11204\" style=\"width: 310px\" class=\"wp-caption aligncenter\"><a href=\"https:\/\/www.tfordworldtour.org\/wp-content\/uploads\/2021\/12\/foto-3.Model-A-Tudor2.jpg\"><img aria-describedby=\"caption-attachment-11204\" loading=\"lazy\" class=\"wp-image-11204 size-medium\" src=\"https:\/\/www.tfordworldtour.org\/wp-content\/uploads\/2021\/12\/foto-3.Model-A-Tudor2-300x209.jpg\" alt=\"\" width=\"300\" height=\"209\" srcset=\"https:\/\/www.tfordworldtour.org\/wp-content\/uploads\/2021\/12\/foto-3.Model-A-Tudor2-300x209.jpg 300w, https:\/\/www.tfordworldtour.org\/wp-content\/uploads\/2021\/12\/foto-3.Model-A-Tudor2-1024x714.jpg 1024w, https:\/\/www.tfordworldtour.org\/wp-content\/uploads\/2021\/12\/foto-3.Model-A-Tudor2-768x536.jpg 768w, https:\/\/www.tfordworldtour.org\/wp-content\/uploads\/2021\/12\/foto-3.Model-A-Tudor2-1536x1072.jpg 1536w, https:\/\/www.tfordworldtour.org\/wp-content\/uploads\/2021\/12\/foto-3.Model-A-Tudor2.jpg 1538w\" sizes=\"(max-width: 300px) 100vw, 300px\" \/><\/a><p id=\"caption-attachment-11204\" class=\"wp-caption-text\">Model T 1923<\/p><\/div>\n<\/div><div class=\"ezcol-divider\"><\/div><\/p>\n<p>Ik kocht een boek over de eerste rally van Peking naar Parijs in 1907 en realiseerde me dat het in 2007 100 jaar later zal zijn. Dus besloot ik om deze rally in 2007 te maken, maar ik wilde een ouder T-Ford in plaats van mijn 1923 touring.<\/p>\n<p>Ik kocht een T-Ford uit 1915 en maakte deze auto klaar voor de rit van Peking naar Parijs.<\/p>\n<div class=\"ezcol ezcol-one-half\">\n<div id=\"attachment_11207\" style=\"width: 310px\" class=\"wp-caption aligncenter\"><a href=\"https:\/\/www.tfordworldtour.org\/wp-content\/uploads\/2021\/12\/Model-T-1915-.jpg\"><img aria-describedby=\"caption-attachment-11207\" loading=\"lazy\" class=\"wp-image-11207 size-medium\" src=\"https:\/\/www.tfordworldtour.org\/wp-content\/uploads\/2021\/12\/Model-T-1915--300x162.jpg\" alt=\"\" width=\"300\" height=\"162\" srcset=\"https:\/\/www.tfordworldtour.org\/wp-content\/uploads\/2021\/12\/Model-T-1915--300x162.jpg 300w, https:\/\/www.tfordworldtour.org\/wp-content\/uploads\/2021\/12\/Model-T-1915--1024x552.jpg 1024w, https:\/\/www.tfordworldtour.org\/wp-content\/uploads\/2021\/12\/Model-T-1915--768x414.jpg 768w, https:\/\/www.tfordworldtour.org\/wp-content\/uploads\/2021\/12\/Model-T-1915-.jpg 1500w\" sizes=\"(max-width: 300px) 100vw, 300px\" \/><\/a><p id=\"caption-attachment-11207\" class=\"wp-caption-text\">Model T 1915<\/p><\/div>\n<\/div> <div class=\"ezcol ezcol-one-half ezcol-last\">\n<div id=\"attachment_11121\" style=\"width: 310px\" class=\"wp-caption aligncenter\"><a href=\"https:\/\/www.tfordworldtour.org\/wp-content\/uploads\/2021\/12\/foto-6.-route-Peking-Parijs.png\"><img aria-describedby=\"caption-attachment-11121\" loading=\"lazy\" class=\"size-medium wp-image-11121\" src=\"https:\/\/www.tfordworldtour.org\/wp-content\/uploads\/2021\/12\/foto-6.-route-Peking-Parijs-300x162.png\" alt=\"route Peking-Parijs\" width=\"300\" height=\"162\" srcset=\"https:\/\/www.tfordworldtour.org\/wp-content\/uploads\/2021\/12\/foto-6.-route-Peking-Parijs-300x162.png 300w, https:\/\/www.tfordworldtour.org\/wp-content\/uploads\/2021\/12\/foto-6.-route-Peking-Parijs.png 724w\" sizes=\"(max-width: 300px) 100vw, 300px\" \/><\/a><p id=\"caption-attachment-11121\" class=\"wp-caption-text\">Route Peking-Parijs<\/p><\/div>\n<\/div><div class=\"ezcol-divider\"><\/div><\/p>\n<div id=\"attachment_11122\" style=\"width: 235px\" class=\"wp-caption aligncenter\"><a href=\"https:\/\/www.tfordworldtour.org\/wp-content\/uploads\/2021\/12\/foto-7.-In-Moscow-scaled.jpg\"><img aria-describedby=\"caption-attachment-11122\" loading=\"lazy\" class=\"size-medium wp-image-11122\" src=\"https:\/\/www.tfordworldtour.org\/wp-content\/uploads\/2021\/12\/foto-7.-In-Moscow-225x300.jpg\" alt=\"In Moscow\" width=\"225\" height=\"300\" srcset=\"https:\/\/www.tfordworldtour.org\/wp-content\/uploads\/2021\/12\/foto-7.-In-Moscow-225x300.jpg 225w, https:\/\/www.tfordworldtour.org\/wp-content\/uploads\/2021\/12\/foto-7.-In-Moscow-768x1024.jpg 768w, https:\/\/www.tfordworldtour.org\/wp-content\/uploads\/2021\/12\/foto-7.-In-Moscow-1152x1536.jpg 1152w, https:\/\/www.tfordworldtour.org\/wp-content\/uploads\/2021\/12\/foto-7.-In-Moscow-1536x2048.jpg 1536w, https:\/\/www.tfordworldtour.org\/wp-content\/uploads\/2021\/12\/foto-7.-In-Moscow-scaled.jpg 1920w\" sizes=\"(max-width: 225px) 100vw, 225px\" \/><\/a><p id=\"caption-attachment-11122\" class=\"wp-caption-text\">In Moscow<\/p><\/div>\n<p>Het eerste idee was om met een georganiseerde rally te gaan maar dat was teveel kilometers per dag. Dus besloten we om deze tour zelf te organiseren. We reden van Peking naar Parijs (ongeveer 16.000 kilometer) in 3 maanden met alleen de T-Ford en een volgauto als ondersteuning. Tijdens die tour hadden de nodige problemen met de T-Ford, maar uiteindelijk is het ons gelukt. Een ander doel van deze tour was fondsenwerving voor projecten in Mongoli\u00eb voor gehandicapte kinderen.<\/p>\n<p>We hebben zo&#8217;n 135.000 euro ingezameld en met dat geld hebben we 2 projecten voor gehandicapte kinderen in Mongoli\u00eb gerealiseerd. E\u00e9n project Bayankhongor in de Gobiwoestijn en \u00e9\u00e9n in BaruunUrth, in het oostelijk deel van Mongoli\u00eb.<br \/>\n<div class=\"ezcol ezcol-one-half\">\n<div id=\"attachment_11210\" style=\"width: 310px\" class=\"wp-caption aligncenter\"><a href=\"https:\/\/www.tfordworldtour.org\/wp-content\/uploads\/2021\/12\/Opening-project-Bayankhongor-in-Mongolia-.jpg\"><img aria-describedby=\"caption-attachment-11210\" loading=\"lazy\" class=\"wp-image-11210 size-medium\" src=\"https:\/\/www.tfordworldtour.org\/wp-content\/uploads\/2021\/12\/Opening-project-Bayankhongor-in-Mongolia--300x200.jpg\" alt=\"\" width=\"300\" height=\"200\" srcset=\"https:\/\/www.tfordworldtour.org\/wp-content\/uploads\/2021\/12\/Opening-project-Bayankhongor-in-Mongolia--300x200.jpg 300w, https:\/\/www.tfordworldtour.org\/wp-content\/uploads\/2021\/12\/Opening-project-Bayankhongor-in-Mongolia--1024x683.jpg 1024w, https:\/\/www.tfordworldtour.org\/wp-content\/uploads\/2021\/12\/Opening-project-Bayankhongor-in-Mongolia--768x512.jpg 768w, https:\/\/www.tfordworldtour.org\/wp-content\/uploads\/2021\/12\/Opening-project-Bayankhongor-in-Mongolia--1536x1024.jpg 1536w, https:\/\/www.tfordworldtour.org\/wp-content\/uploads\/2021\/12\/Opening-project-Bayankhongor-in-Mongolia--2048x1366.jpg 2048w\" sizes=\"(max-width: 300px) 100vw, 300px\" \/><\/a><p id=\"caption-attachment-11210\" class=\"wp-caption-text\">Opening project Bayankhongor in Mongolia<\/p><\/div>\n<\/div> <div class=\"ezcol ezcol-one-half ezcol-last\">\n<div id=\"attachment_11128\" style=\"width: 310px\" class=\"wp-caption aligncenter\"><a href=\"https:\/\/www.tfordworldtour.org\/wp-content\/uploads\/2021\/12\/foto-9.-Opening-project-Baruun-Urth-in-Mongolia-scaled.jpg\"><img aria-describedby=\"caption-attachment-11128\" loading=\"lazy\" class=\"size-medium wp-image-11128\" src=\"https:\/\/www.tfordworldtour.org\/wp-content\/uploads\/2021\/12\/foto-9.-Opening-project-Baruun-Urth-in-Mongolia-300x200.jpg\" alt=\"Opening project Baruun Urth in Mongolia\" width=\"300\" height=\"200\" srcset=\"https:\/\/www.tfordworldtour.org\/wp-content\/uploads\/2021\/12\/foto-9.-Opening-project-Baruun-Urth-in-Mongolia-300x200.jpg 300w, https:\/\/www.tfordworldtour.org\/wp-content\/uploads\/2021\/12\/foto-9.-Opening-project-Baruun-Urth-in-Mongolia-1024x683.jpg 1024w, https:\/\/www.tfordworldtour.org\/wp-content\/uploads\/2021\/12\/foto-9.-Opening-project-Baruun-Urth-in-Mongolia-768x512.jpg 768w, https:\/\/www.tfordworldtour.org\/wp-content\/uploads\/2021\/12\/foto-9.-Opening-project-Baruun-Urth-in-Mongolia-1536x1024.jpg 1536w, https:\/\/www.tfordworldtour.org\/wp-content\/uploads\/2021\/12\/foto-9.-Opening-project-Baruun-Urth-in-Mongolia-2048x1365.jpg 2048w\" sizes=\"(max-width: 300px) 100vw, 300px\" \/><\/a><p id=\"caption-attachment-11128\" class=\"wp-caption-text\">Opening project Baruun Urth in Mongolia<\/p><\/div>\n<\/div><div class=\"ezcol-divider\"><\/div><\/p>\n<p>Na Peking naar Parijs wilde ik nog een grote reis met de T-Ford maken om geld in te zamelen voor kinderprojecten. Ik vroeg mijn vrouw Trudy om me te vergezellen, en gelukkig had ze daar wel zin in.<br \/>\nWe konden niet beslissen welk deel van de wereld we wilden reizen, dus besloten we de hele wereld te doen. We hebben gekozen voor fondsenwerving voor weeskinderen omdat er over de hele wereld weeskinderen zijn.<br \/>\nWil je meer informatie over onze avonturen tijdens onze wereldreis, dan nodigen we je uit om de verhalen op onze website te lezen.<\/p>\n<p>We wensen je veel plezier, Trudy en Dirk Regter.<\/p>\n<p><a href=\"https:\/\/www.tfordworldtour.org\/wp-content\/uploads\/2023\/03\/total-route-2024-1-scaled.jpeg\"><img loading=\"lazy\" class=\"alignnone wp-image-11644 size-medium\" src=\"https:\/\/www.tfordworldtour.org\/wp-content\/uploads\/2023\/03\/total-route-2024-1-300x165.jpeg\" alt=\"worldmap with route\" width=\"300\" height=\"165\" srcset=\"https:\/\/www.tfordworldtour.org\/wp-content\/uploads\/2023\/03\/total-route-2024-1-300x165.jpeg 300w, https:\/\/www.tfordworldtour.org\/wp-content\/uploads\/2023\/03\/total-route-2024-1-1024x564.jpeg 1024w, https:\/\/www.tfordworldtour.org\/wp-content\/uploads\/2023\/03\/total-route-2024-1-768x423.jpeg 768w, https:\/\/www.tfordworldtour.org\/wp-content\/uploads\/2023\/03\/total-route-2024-1-1536x845.jpeg 1536w, https:\/\/www.tfordworldtour.org\/wp-content\/uploads\/2023\/03\/total-route-2024-1-2048x1127.jpeg 2048w\" sizes=\"(max-width: 300px) 100vw, 300px\" \/><\/a><\/p>\n<p>&nbsp;<\/p>","protected":false},"excerpt":{"rendered":"<p>Mijn naam is Dirk Regter, een gepensioneerd bouwkundig ingenieur. Ik woon met mijn vrouw Trudy in Edam, een klein stadje in de buurt van Amsterdam. Zoals u wellicht weet, is Edam wereldberoemd vanwege de Edammer kaas. Mijn grootvader en vader &hellip; <a href=\"https:\/\/www.tfordworldtour.org\/nl\/story-behind-the-worldtour\/\">Lees verder <span class=\"meta-nav\">&rarr;<\/span><\/a><\/p>\n","protected":false},"author":1,"featured_media":0,"parent":0,"menu_order":0,"comment_status":"closed","ping_status":"closed","template":"homepageUS.php","meta":{"ngg_post_thumbnail":0,"_mi_skip_tracking":false},"yoast_head":"<!-- This site is optimized with the Yoast SEO plugin v14.3 - https:\/\/yoast.com\/wordpress\/plugins\/seo\/ -->\n<meta name=\"robots\" content=\"index, follow\" \/>\n<meta name=\"googlebot\" content=\"index, follow, max-snippet:-1, max-image-preview:large, max-video-preview:-1\" \/>\n<meta name=\"bingbot\" content=\"index, follow, max-snippet:-1, max-image-preview:large, max-video-preview:-1\" \/>\n<link rel=\"canonical\" href=\"https:\/\/www.tfordworldtour.org\/story-behind-the-worldtour\/\" \/>\n<meta property=\"og:locale\" content=\"nl_NL\" \/>\n<meta property=\"og:type\" content=\"article\" \/>\n<meta property=\"og:title\" content=\"[:en]Story behind the worldtour[:nl]Verhaal achter de wereldreis[:] - Model T Ford World Tour\" \/>\n<meta property=\"og:description\" content=\"Mijn naam is Dirk Regter, een gepensioneerd bouwkundig ingenieur. Ik woon met mijn vrouw Trudy in Edam, een klein stadje in de buurt van Amsterdam. Zoals u wellicht weet, is Edam wereldberoemd vanwege de Edammer kaas. Mijn grootvader en vader &hellip; Lees verder &rarr;\" \/>\n<meta property=\"og:url\" content=\"https:\/\/www.tfordworldtour.org\/story-behind-the-worldtour\/\" \/>\n<meta property=\"og:site_name\" content=\"Model T Ford World Tour\" \/>\n<meta property=\"article:modified_time\" content=\"2023-03-27T09:08:03+00:00\" \/>\n<meta property=\"og:image\" content=\"https:\/\/www.tfordworldtour.org\/wp-content\/uploads\/2021\/12\/foto-1.-Renault-Marne-taxi-1907-300x212.jpg\" \/>\n<meta name=\"twitter:card\" content=\"summary_large_image\" \/>\n<script type=\"application\/ld+json\" class=\"yoast-schema-graph\">{\"@context\":\"https:\/\/schema.org\",\"@graph\":[{\"@type\":\"WebSite\",\"@id\":\"https:\/\/www.tfordworldtour.org\/nl\/#website\",\"url\":\"https:\/\/www.tfordworldtour.org\/nl\/\",\"name\":\"Model T Ford World Tour\",\"description\":\"Model T Ford World Tour\",\"potentialAction\":[{\"@type\":\"SearchAction\",\"target\":\"https:\/\/www.tfordworldtour.org\/nl\/?s={search_term_string}\",\"query-input\":\"required name=search_term_string\"}],\"inLanguage\":\"nl\"},{\"@type\":\"ImageObject\",\"@id\":\"https:\/\/www.tfordworldtour.org\/story-behind-the-worldtour\/#primaryimage\",\"inLanguage\":\"nl\",\"url\":\"https:\/\/www.tfordworldtour.org\/wp-content\/uploads\/2021\/12\/foto-1.-Renault-Marne-taxi-1907.jpg\",\"width\":1437,\"height\":1016},{\"@type\":\"WebPage\",\"@id\":\"https:\/\/www.tfordworldtour.org\/story-behind-the-worldtour\/#webpage\",\"url\":\"https:\/\/www.tfordworldtour.org\/story-behind-the-worldtour\/\",\"name\":\"[:en]Story behind the worldtour[:nl]Verhaal achter de wereldreis[:] - Model T Ford World Tour\",\"isPartOf\":{\"@id\":\"https:\/\/www.tfordworldtour.org\/nl\/#website\"},\"primaryImageOfPage\":{\"@id\":\"https:\/\/www.tfordworldtour.org\/story-behind-the-worldtour\/#primaryimage\"},\"datePublished\":\"2021-12-08T13:19:55+00:00\",\"dateModified\":\"2023-03-27T09:08:03+00:00\",\"inLanguage\":\"nl\",\"potentialAction\":[{\"@type\":\"ReadAction\",\"target\":[\"https:\/\/www.tfordworldtour.org\/story-behind-the-worldtour\/\"]}]}]}<\/script>\n<!-- \/ Yoast SEO plugin. -->","_links":{"self":[{"href":"https:\/\/www.tfordworldtour.org\/nl\/wp-json\/wp\/v2\/pages\/11109"}],"collection":[{"href":"https:\/\/www.tfordworldtour.org\/nl\/wp-json\/wp\/v2\/pages"}],"about":[{"href":"https:\/\/www.tfordworldtour.org\/nl\/wp-json\/wp\/v2\/types\/page"}],"author":[{"embeddable":true,"href":"https:\/\/www.tfordworldtour.org\/nl\/wp-json\/wp\/v2\/users\/1"}],"replies":[{"embeddable":true,"href":"https:\/\/www.tfordworldtour.org\/nl\/wp-json\/wp\/v2\/comments?post=11109"}],"version-history":[{"count":27,"href":"https:\/\/www.tfordworldtour.org\/nl\/wp-json\/wp\/v2\/pages\/11109\/revisions"}],"predecessor-version":[{"id":11651,"href":"https:\/\/www.tfordworldtour.org\/nl\/wp-json\/wp\/v2\/pages\/11109\/revisions\/11651"}],"wp:attachment":[{"href":"https:\/\/www.tfordworldtour.org\/nl\/wp-json\/wp\/v2\/media?parent=11109"}],"curies":[{"name":"wp","href":"https:\/\/api.w.org\/{rel}","templated":true}]}}